{"id":8890,"date":"2026-01-31T16:23:19","date_gmt":"2026-01-31T08:23:19","guid":{"rendered":"https:\/\/www.zhiyudgtech.com\/?post_type=product&#038;p=8890"},"modified":"2026-05-09T17:27:21","modified_gmt":"2026-05-09T09:27:21","slug":"holdwin-gh-720","status":"publish","type":"product","link":"https:\/\/www.zhiyudgtech.com\/pt\/product\/holdwin-gh-720\/","title":{"rendered":"HOLDWIN  GH 720"},"content":{"rendered":"","protected":false},"excerpt":{"rendered":"<p><span style=\"font-size: 14pt; font-family: arial, helvetica, sans-serif; color: #000000;\">A Crystal Label Cutting Plotter \u00e9 uma m\u00e1quina de precis\u00e3o avan\u00e7ada adaptada para transfer\u00eancias de UV DTF (Direct-to-Film). \u00c9 f\u00e1cil cortar pel\u00edculas camadas feitas de tintas adesivas, brancas\/CMYK, e um verniz substancial, de efeito 3D.<\/span><\/p>\n<p><span style=\"font-size: 14pt; font-family: arial, helvetica, sans-serif; color: #000000;\"><strong>Especifica\u00e7\u00e3o: <\/strong>Etiqueta de cristal Cutting Plotter<\/span><\/p>\n<p><span style=\"font-family: arial, helvetica, sans-serif; font-size: 14pt;\"><strong>Largura m\u00e1xima do material: <\/strong>720 mm<\/span><\/p>","protected":false},"featured_media":8988,"template":"","meta":{"_acf_changed":false},"product_brand":[],"product_cat":[430],"product_tag":[353,354],"class_list":{"0":"post-8890","1":"product","2":"type-product","3":"status-publish","4":"has-post-thumbnail","6":"product_cat-cutting-machine","7":"product_tag-crystal-label-cutting-plotter","8":"product_tag-uv-dtf-cutter","10":"first","11":"instock","12":"shipping-taxable","13":"product-type-simple"},"acf":[],"_links":{"self":[{"href":"https:\/\/www.zhiyudgtech.com\/pt\/wp-json\/wp\/v2\/product\/8890","targetHints":{"allow":["GET"]}}],"collection":[{"href":"https:\/\/www.zhiyudgtech.com\/pt\/wp-json\/wp\/v2\/product"}],"about":[{"href":"https:\/\/www.zhiyudgtech.com\/pt\/wp-json\/wp\/v2\/types\/product"}],"wp:featuredmedia":[{"embeddable":true,"href":"https:\/\/www.zhiyudgtech.com\/pt\/wp-json\/wp\/v2\/media\/8988"}],"wp:attachment":[{"href":"https:\/\/www.zhiyudgtech.com\/pt\/wp-json\/wp\/v2\/media?parent=8890"}],"wp:term":[{"taxonomy":"product_brand","embeddable":true,"href":"https:\/\/www.zhiyudgtech.com\/pt\/wp-json\/wp\/v2\/product_brand?post=8890"},{"taxonomy":"product_cat","embeddable":true,"href":"https:\/\/www.zhiyudgtech.com\/pt\/wp-json\/wp\/v2\/product_cat?post=8890"},{"taxonomy":"product_tag","embeddable":true,"href":"https:\/\/www.zhiyudgtech.com\/pt\/wp-json\/wp\/v2\/product_tag?post=8890"}],"curies":[{"name":"wp","href":"https:\/\/api.w.org\/{rel}","templated":true}]}}