{"id":9973,"date":"2026-04-01T10:08:18","date_gmt":"2026-04-01T02:08:18","guid":{"rendered":"https:\/\/www.zhiyudgtech.com\/?post_type=product&#038;p=9973"},"modified":"2026-04-23T11:14:01","modified_gmt":"2026-04-23T03:14:01","slug":"foil-sublimation-holdwin-1916f","status":"publish","type":"product","link":"https:\/\/www.zhiyudgtech.com\/pt\/product\/foil-sublimation-holdwin-1916f\/","title":{"rendered":"HOLDWIN  1916F"},"content":{"rendered":"","protected":false},"excerpt":{"rendered":"<p><span style=\"font-size: 14pt; font-family: arial, helvetica, sans-serif; color: #000000;\">Tipo de produto: Impressora de Sublima\u00e7\u00e3o de Foil<\/span><\/p>\n<p><span style=\"font-size: 14pt; font-family: arial, helvetica, sans-serif; color: #000000;\">Especifica\u00e7\u00e3o: Alto Industrial &#8211; A velocidade da impressora de sublima\u00e7\u00e3o digital - Secador de alto desempenho<\/span><\/p>\n<p><span style=\"font-size: 14pt; font-family: arial, helvetica, sans-serif; color: #000000;\">Capa de Impress\u00e3o: 16 X i3200 &#8211; A1\u00a0<\/span><\/p>\n<p><span style=\"font-size: 14pt; font-family: arial, helvetica, sans-serif; color: #000000;\">Velocidade: 2 passos &#8211;  240 <span class=\"math-inline\" data-math=\"m^2\/h\" data-index-in-node=\"4\">m \u00b2\/h , 4Pass &#8211;  120 m\u00b2\/h<\/span><\/span><\/p>","protected":false},"featured_media":9977,"template":"","meta":{"_acf_changed":false},"product_brand":[],"product_cat":[55],"product_tag":[429,222],"class_list":{"0":"post-9973","1":"product","2":"type-product","3":"status-publish","4":"has-post-thumbnail","6":"product_cat-foil-sublimation-printer","7":"product_tag-digital-sublimation-printer","8":"product_tag-foil-sublimation-printer","10":"first","11":"instock","12":"shipping-taxable","13":"product-type-simple"},"acf":[],"_links":{"self":[{"href":"https:\/\/www.zhiyudgtech.com\/pt\/wp-json\/wp\/v2\/product\/9973","targetHints":{"allow":["GET"]}}],"collection":[{"href":"https:\/\/www.zhiyudgtech.com\/pt\/wp-json\/wp\/v2\/product"}],"about":[{"href":"https:\/\/www.zhiyudgtech.com\/pt\/wp-json\/wp\/v2\/types\/product"}],"wp:featuredmedia":[{"embeddable":true,"href":"https:\/\/www.zhiyudgtech.com\/pt\/wp-json\/wp\/v2\/media\/9977"}],"wp:attachment":[{"href":"https:\/\/www.zhiyudgtech.com\/pt\/wp-json\/wp\/v2\/media?parent=9973"}],"wp:term":[{"taxonomy":"product_brand","embeddable":true,"href":"https:\/\/www.zhiyudgtech.com\/pt\/wp-json\/wp\/v2\/product_brand?post=9973"},{"taxonomy":"product_cat","embeddable":true,"href":"https:\/\/www.zhiyudgtech.com\/pt\/wp-json\/wp\/v2\/product_cat?post=9973"},{"taxonomy":"product_tag","embeddable":true,"href":"https:\/\/www.zhiyudgtech.com\/pt\/wp-json\/wp\/v2\/product_tag?post=9973"}],"curies":[{"name":"wp","href":"https:\/\/api.w.org\/{rel}","templated":true}]}}